{"id":23,"date":"2022-02-26T17:39:12","date_gmt":"2022-02-26T17:39:12","guid":{"rendered":"http:\/\/www.telekifoci.telekgerendas.hu\/?page_id=23"},"modified":"2024-10-01T06:42:07","modified_gmt":"2024-10-01T06:42:07","slug":"kapcsolat","status":"publish","type":"page","link":"https:\/\/www.telekifoci.telekgerendas.hu\/index.php\/kapcsolat\/","title":{"rendered":"Kapcsolat"},"content":{"rendered":"\n<p><strong>Eln\u00f6k:\u00a0<\/strong>On\u00e1ka Csaba<br><strong>E-mail:<\/strong>\u00a0onakacsaba@gmail.com<br><strong>Tel.:\u00a0<\/strong>06\/30\/845-6742<br><strong>Aleln\u00f6k:\u00a0<\/strong>Hrabovszki J\u00e1nos<br><strong>Titk\u00e1r:\u00a0<\/strong>Halustyik J\u00e1nos<\/p>\n\n\n\n<h2 class=\"wp-block-heading\">Csapatok:<\/h2>\n\n\n\n<figure class=\"wp-block-image size-full is-resized\"><img fetchpriority=\"high\" decoding=\"async\" width=\"671\" height=\"83\" src=\"https:\/\/www.telekifoci.telekgerendas.hu\/wp-content\/uploads\/2024\/10\/csapatok.png\" alt=\"\" class=\"wp-image-90\" style=\"width:769px;height:auto\" srcset=\"https:\/\/www.telekifoci.telekgerendas.hu\/wp-content\/uploads\/2024\/10\/csapatok.png 671w, https:\/\/www.telekifoci.telekgerendas.hu\/wp-content\/uploads\/2024\/10\/csapatok-300x37.png 300w\" sizes=\"(max-width: 671px) 100vw, 671px\" \/><\/figure>\n\n\n\n<h3 class=\"wp-block-heading\">Telekgerend\u00e1s SC: BMLSZ v\u00e1rmegyei III k\u00f6z\u00e9p csoport<\/h3>\n\n\n\n<p><strong>Edz\u0151:\u00a0<\/strong>R\u00e1nkli Ferenc (+36-30-215-7775), Hekfusz D\u00e1niel<br><strong>Csapatkapit\u00e1ny:\u00a0<\/strong>Hrabovszki J\u00e1nos, Mekis Bal\u00e1zs<\/p>\n\n\n\n<h3 class=\"wp-block-heading\">Telekgerend\u00e1s \u00d6regfi\u00fak: BMLSZ Bar\u00e1ts\u00e1g kupa \u00f6regfi\u00fak bajnoks\u00e1ga<\/h3>\n\n\n\n<p><strong>Edz\u0151:&nbsp;<\/strong>Medvegy Mih\u00e1ly<br><strong>Csapatkapit\u00e1ny:&nbsp;<\/strong>Eke Mih\u00e1ly<\/p>\n\n\n\n<h2 class=\"wp-block-heading\">Aktu\u00e1lis bajnoks\u00e1g<\/h2>\n\n\n\n<p>Az aktu\u00e1lis bajnoks\u00e1g, illetve csapatforma az al\u00e1bbi linken tekinthet\u0151 meg: <a href=\"https:\/\/adatbank.mlsz.hu\/club\/63\/3\/29757\/3\/291090.html\">https:\/\/adatbank.mlsz.hu\/club\/63\/3\/29757\/3\/291090.html<\/a><\/p>\n\n\n\n<p><\/p>\n\n\n\n<p><\/p>\n","protected":false},"excerpt":{"rendered":"<p>Eln\u00f6k:\u00a0On\u00e1ka CsabaE-mail:\u00a0onakacsaba@gmail.comTel.:\u00a006\/30\/845-6742Aleln\u00f6k:\u00a0Hrabovszki J\u00e1nosTitk\u00e1r:\u00a0Halustyik J\u00e1nos Csapatok: Telekgerend\u00e1s SC: BMLSZ v\u00e1rmegyei III k\u00f6z\u00e9p csoport Edz\u0151:\u00a0R\u00e1nkli Ferenc (+36-30-215-7775), Hekfusz D\u00e1nielCsapatkapit\u00e1ny:\u00a0Hrabovszki J\u00e1nos, Mekis Bal\u00e1zs Telekgerend\u00e1s \u00d6regfi\u00fak: BMLSZ Bar\u00e1ts\u00e1g kupa \u00f6regfi\u00fak bajnoks\u00e1ga Edz\u0151:&nbsp;Medvegy Mih\u00e1lyCsapatkapit\u00e1ny:&nbsp;Eke Mih\u00e1ly Aktu\u00e1lis bajnoks\u00e1g Az aktu\u00e1lis bajnoks\u00e1g, illetve csapatforma az al\u00e1bbi linken tekinthet\u0151 meg: https:\/\/adatbank.mlsz.hu\/club\/63\/3\/29757\/3\/291090.html<\/p>\n","protected":false},"author":1,"featured_media":0,"parent":0,"menu_order":0,"comment_status":"closed","ping_status":"closed","template":"","meta":{"ngg_post_thumbnail":0,"footnotes":""},"class_list":["post-23","page","type-page","status-publish","hentry"],"_links":{"self":[{"href":"https:\/\/www.telekifoci.telekgerendas.hu\/index.php\/wp-json\/wp\/v2\/pages\/23","targetHints":{"allow":["GET"]}}],"collection":[{"href":"https:\/\/www.telekifoci.telekgerendas.hu\/index.php\/wp-json\/wp\/v2\/pages"}],"about":[{"href":"https:\/\/www.telekifoci.telekgerendas.hu\/index.php\/wp-json\/wp\/v2\/types\/page"}],"author":[{"embeddable":true,"href":"https:\/\/www.telekifoci.telekgerendas.hu\/index.php\/wp-json\/wp\/v2\/users\/1"}],"replies":[{"embeddable":true,"href":"https:\/\/www.telekifoci.telekgerendas.hu\/index.php\/wp-json\/wp\/v2\/comments?post=23"}],"version-history":[{"count":3,"href":"https:\/\/www.telekifoci.telekgerendas.hu\/index.php\/wp-json\/wp\/v2\/pages\/23\/revisions"}],"predecessor-version":[{"id":91,"href":"https:\/\/www.telekifoci.telekgerendas.hu\/index.php\/wp-json\/wp\/v2\/pages\/23\/revisions\/91"}],"wp:attachment":[{"href":"https:\/\/www.telekifoci.telekgerendas.hu\/index.php\/wp-json\/wp\/v2\/media?parent=23"}],"curies":[{"name":"wp","href":"https:\/\/api.w.org\/{rel}","templated":true}]}}